{"id":1442,"date":"2018-03-15T10:35:35","date_gmt":"2018-03-15T09:35:35","guid":{"rendered":"http:\/\/dejligcruise.se\/home\/"},"modified":"2023-04-27T12:54:22","modified_gmt":"2023-04-27T10:54:22","slug":"home","status":"publish","type":"page","link":"https:\/\/dejligcruise.se\/en\/home\/","title":{"rendered":"Home"},"content":{"rendered":"<p>Dejlig Cruise offers boat tours in the beautiful Bohusl\u00e4n Archipelago. We offer cruises to chosen west coast island gems, in the Bohusl\u00e4n archipelago, for groups and companies chartering one of our vessels. We also customize cruises according to customer&#8217;s wishes.<\/p>\n<p>Cruise with us along the coast or visit the classic islands in the Bohusl\u00e4n archipelago. We know all the good spots! Come along for a round trip cruise, or have your bus meet us at a coastal hamlet for your journey onwards. Onboard you find both a cafeteria &amp; bar, a sun deck, comfortable indoor sofas in the salon and a nice bathroom. We also offer lunches and dinners for groups. If you are planning a wedding, special birthday or an archipelago cruise for a group, we are glad to offer Windros for charter. We can assist you composing your day, such as arranging bus transport, hotel accomodation, an island guide, spots to visit, catering dinner onboard or at restaurants ashore &#8211; we work with the best.<\/p>\n<ul>\n<li>Charter a boat for a group -&gt; see more below<\/li>\n<li><a href=\"\/en\/boat-trips-and-island-hopping-in-bohuslan-archipelago\/\">Go islandhopping with a day\/ride ticket<\/a><\/li>\n<li><a href=\"\/en\/about-windros\/\">know more about M\/S Windros<\/a><\/li>\n<li><a title=\"Uppt\u00e4ck Skaft\u00f6 och tura \u00f6ver Gullmarsfjorden\" href=\"\/tura-pa-gullmarsfjorden\/\">discover Skaft\u00f6 Island<\/a><\/li>\n<\/ul>\n<div>\n<h5 style=\"text-align: center;\"><span style=\"color: #666666;\"><span style=\"font-size: 18px;\">Island-hopping in West Sweden\u00a0\u00a0<\/span><\/span><\/h5>\n<\/div>\n<p>Island-hopping is the perfect way of discovering the Bohusl\u00e4n archipelago. Spend a couple of fantastic days among the smooth granite rock isles and coves and stay at one of the many hotels and hostels on the islands. Push bikes are welcome too.\u00a0 Click to see the <a href=\"https:\/\/www.vastsverige.com\/en\/things-to-do\/explore-the-west-coast-by-boat\/island-hopping--discovering-the-archipelago-without-your-own-boat\/\" target=\"_blank\" rel=\"noopener\">regional island-hopping map<\/a> and all the participating ferry lines. We are one of the lines, and <a href=\"https:\/\/dejligcruise.se\/en\/boat-trips-and-island-hopping-in-bohuslan-archipelago\/boat-trip-lysekil-karingon-island-hopping\/\">here&#8217;s our timetable roundtrip K\u00e4ring\u00f6n-Lysekil<\/a>.<\/p>\n<p>The Bohusl\u00e4n archipelago runs almost 280 kilometers up Sweden\u2019s west coast and is an area of outstanding natural beauty. CNN Travel ranks it the seventh most beautiful natural wilderness area in the world. <strong>Welcome on board Windros, <\/strong>to experience wonderful Bohusl\u00e4n and its archipelago. We dock at the genuine islands, and you travel in great comfort onboard. Enjoy the views and salty air up on the sun deck, and hear the soft swirl of the waves against the hull. Or sink into the plush sofas in the indoor salon, while enjoying the landscape and a glass of wine.<\/p>\n<p>PS: As our name <strong>Dejlig<\/strong> means beautiful in the local dialect, beautiful vistas are guaranteed on our cruises!<\/p>\n<div>\n<h5 style=\"text-align: center;\"><span style=\"font-size: 18px; color: #999999; line-height: 1.5;\">For groups chartering Windros.<br \/>\nWe\u00a0 coordinate your day according to your wishes.<br \/>\nThis, and more, we are happy to help you with:\u00a0<\/span><\/h5>\n<\/div>\n<p>&nbsp;<\/p>\n<div>\n<p>&nbsp;<\/p>\n<p><img fetchpriority=\"high\" decoding=\"async\" class=\"aligncenter wp-image-1196 size-full\" src=\"https:\/\/dejligcruise.se\/wp-content\/uploads\/2015\/03\/Brudpar_H.jpg\" alt=\"sk\u00e4rg\u00e5rdsbr\u00f6llop\" width=\"1000\" height=\"622\" srcset=\"https:\/\/dejligcruise.se\/wp-content\/uploads\/2015\/03\/Brudpar_H.jpg 1000w, https:\/\/dejligcruise.se\/wp-content\/uploads\/2015\/03\/Brudpar_H-400x249.jpg 400w\" sizes=\"(max-width: 1000px) 100vw, 1000px\" \/><\/p>\n<div>\n<h3 style=\"color: #42759e; text-align: center;\">A special occasion<\/h3>\n<p style=\"text-align: center;\">We assist you with arranging your special day or wedding boat cruise. We can do pick-ups at different jetties, i.e. to pick up a musician booked as a surprice for the guests. With access to sheltered waters, the boat cruise can always be carried out. The crew is service-minded and experienced.<\/p>\n<\/div>\n<\/div>\n<div>\n<p>\u00a0<img decoding=\"async\" class=\"aligncenter wp-image-1123 size-full\" src=\"https:\/\/dejligcruise.se\/wp-content\/uploads\/2015\/05\/Kryssning-5578.jpg\" alt=\"Bassholmen\" width=\"1000\" height=\"667\" srcset=\"https:\/\/dejligcruise.se\/wp-content\/uploads\/2015\/05\/Kryssning-5578.jpg 1000w, https:\/\/dejligcruise.se\/wp-content\/uploads\/2015\/05\/Kryssning-5578-400x267.jpg 400w\" sizes=\"(max-width: 1000px) 100vw, 1000px\" \/><\/p>\n<div>\n<h3 style=\"color: #42759e; text-align: center;\">Island experiences<\/h3>\n<p style=\"text-align: center;\">Many of the Bohusl\u00e4n islands offer unique experiences, especially if you have the local knowledge. We help groups book the suitable experience for their island visit. If you like, we can also bring a certified guide on board, or for your island visit. We cooperate with Guides of Bohusl\u00e4n.<\/p>\n<\/div>\n<\/div>\n<p>&nbsp;<\/p>\n<div>\n<p>&nbsp;<\/p>\n<p><img decoding=\"async\" class=\"aligncenter wp-image-1198 size-full\" src=\"https:\/\/dejligcruise.se\/wp-content\/uploads\/2015\/03\/Havskraftor_gratinerade_2.jpg\" alt=\"Havskr\u00e4ftor gratinerade\" width=\"800\" height=\"502\" srcset=\"https:\/\/dejligcruise.se\/wp-content\/uploads\/2015\/03\/Havskraftor_gratinerade_2.jpg 800w, https:\/\/dejligcruise.se\/wp-content\/uploads\/2015\/03\/Havskraftor_gratinerade_2-400x251.jpg 400w\" sizes=\"(max-width: 800px) 100vw, 800px\" \/><\/p>\n<div>\n<h3 style=\"color: #42759e; text-align: center;\">Food &amp; beverages<\/h3>\n<p style=\"text-align: center;\">We work with gifted catering companies, which means you can dine in style onboard.\u00a0 Waitresses can be arranged. We also work closely with the restaurants along the coast and often book lunch and dinners there for our groups.<\/p>\n<\/div>\n<\/div>\n<h2>Day tours and island hopping with Windros 2023<\/h2>\n<p>During the Summer season we offer day trips and island hopping to different beautiful islands in the Bohusl\u00e4n archipelago. Feel free to book a ticket and come onboard!<\/p>\n<p><img loading=\"lazy\" decoding=\"async\" class=\"aligncenter wp-image-870 size-full\" src=\"https:\/\/dejligcruise.se\/wp-content\/uploads\/2015\/04\/Karingon_vik_abl.jpg\" alt=\"K\u00e4ring\u00f6n\" width=\"792\" height=\"594\" srcset=\"https:\/\/dejligcruise.se\/wp-content\/uploads\/2015\/04\/Karingon_vik_abl.jpg 792w, https:\/\/dejligcruise.se\/wp-content\/uploads\/2015\/04\/Karingon_vik_abl-400x300.jpg 400w\" sizes=\"(max-width: 792px) 100vw, 792px\" \/><\/p>\n<h3><a title=\"B\u00e5ttur Lysekil K\u00e4ring\u00f6n Gullholmen\" href=\"\/batturer-sommar\/battur-lysekil-karingon\/\">Lysekil-K\u00e4ring\u00f6n roundtrip\/one way<\/a><\/h3>\n<p>Experience beautiful K\u00e4ring\u00f6n island and get a beautiful archipelago cruise getting there. Island hoppers welcome in both directions, as well as push bikes. Round trippers get 3 hours ashore on the K\u00e4ring\u00f6 island, or 4 hours on the Gullholmen island. On K\u00e4ring\u00f6n you can buy super fresh langouistines, have a coffee in the 19th century vicarige and enjoy island style boutiques and art galleries. Or just go for a sea swim or a stroll, both islands are car free &#8230; and care free.\u00a0 This tour operates on Wednesdays in July and a bit in to August.<\/p>\n<p><a href=\"\/batturer-sommar\/battur-lysekil-karingon\/\">Read more and book a ticket to K\u00e4ring\u00f6n<\/a><\/p>\n","protected":false},"excerpt":{"rendered":"<p>Dejlig Cruise offers boat tours in the beautiful Bohusl\u00e4n Archipelago. We offer cruises to chosen west coast island gems, in the Bohusl\u00e4n archipelago, for groups and companies chartering one of our vessels. We also customize cruises according to customer&#8217;s wishes. Cruise with us along the coast or visit the classic islands in the Bohusl\u00e4n archipelago.&hellip; <a class=\"more-link\" href=\"https:\/\/dejligcruise.se\/en\/home\/\">Continue reading <span class=\"screen-reader-text\">Home<\/span><\/a><\/p>\n","protected":false},"author":1,"featured_media":1001,"parent":0,"menu_order":0,"comment_status":"closed","ping_status":"closed","template":"","meta":{"footnotes":""},"class_list":["post-1442","page","type-page","status-publish","has-post-thumbnail","hentry","entry"],"_links":{"self":[{"href":"https:\/\/dejligcruise.se\/en\/wp-json\/wp\/v2\/pages\/1442","targetHints":{"allow":["GET"]}}],"collection":[{"href":"https:\/\/dejligcruise.se\/en\/wp-json\/wp\/v2\/pages"}],"about":[{"href":"https:\/\/dejligcruise.se\/en\/wp-json\/wp\/v2\/types\/page"}],"author":[{"embeddable":true,"href":"https:\/\/dejligcruise.se\/en\/wp-json\/wp\/v2\/users\/1"}],"replies":[{"embeddable":true,"href":"https:\/\/dejligcruise.se\/en\/wp-json\/wp\/v2\/comments?post=1442"}],"version-history":[{"count":34,"href":"https:\/\/dejligcruise.se\/en\/wp-json\/wp\/v2\/pages\/1442\/revisions"}],"predecessor-version":[{"id":2233,"href":"https:\/\/dejligcruise.se\/en\/wp-json\/wp\/v2\/pages\/1442\/revisions\/2233"}],"wp:featuredmedia":[{"embeddable":true,"href":"https:\/\/dejligcruise.se\/en\/wp-json\/wp\/v2\/media\/1001"}],"wp:attachment":[{"href":"https:\/\/dejligcruise.se\/en\/wp-json\/wp\/v2\/media?parent=1442"}],"curies":[{"name":"wp","href":"https:\/\/api.w.org\/{rel}","templated":true}]}}