{"id":1452,"date":"2018-03-15T12:07:12","date_gmt":"2018-03-15T11:07:12","guid":{"rendered":"http:\/\/dejligcruise.se\/boat-trips-and-island-hopping-in-bohuslan-archipelago\/"},"modified":"2023-04-27T12:51:50","modified_gmt":"2023-04-27T10:51:50","slug":"boat-trips-and-island-hopping-in-bohuslan-archipelago","status":"publish","type":"page","link":"https:\/\/dejligcruise.se\/en\/boat-trips-and-island-hopping-in-bohuslan-archipelago\/","title":{"rendered":"Boat trips and island hopping in Bohusl\u00e4n archipelago"},"content":{"rendered":"<p><strong>Welcome on board Windros, <\/strong>to experience wonderful Bohusl\u00e4n and its archipelago. In the Summertime we open the ship and offer day trips to the most beautiful islands and hamlets in Bohusl\u00e4n. Come along for the day, island hopping or round trip, and travel in great comfort while onboard. Enjoy the views and salty air up on the sun deck, and hear the soft swirl of the waves against the hull. Or sink into the plush sofas in the indoor salon, while enjoying the landscape and a glass of wine.<\/p>\n<p><strong>We offer these trips during Summer 2023. Just book a ticket and come onboard!\u00a0 <\/strong><\/p>\n<p><a href=\"https:\/\/dejligcruise.se\/en\/boat-trips-and-island-hopping-in-bohuslan-archipelago\/boat-trip-lysekil-karingon-island-hopping\/\"><img fetchpriority=\"high\" decoding=\"async\" class=\"alignnone wp-image-870 size-medium\" src=\"https:\/\/dejligcruise.se\/wp-content\/uploads\/2015\/04\/Karingon_vik_abl-400x300.jpg\" alt=\"K\u00e4ring\u00f6n\" width=\"400\" height=\"300\" \/><\/a><\/p>\n<h3><a title=\"B\u00e5ttur Lysekil K\u00e4ring\u00f6n Gullholmen\" href=\"https:\/\/dejligcruise.se\/en\/boat-trips-and-island-hopping-in-bohuslan-archipelago\/boat-trip-lysekil-karingon-island-hopping\/\">Lysekil-K\u00e4ring\u00f6n roundtrip\/one way<\/a><\/h3>\n<p>Experience beautiful K\u00e4ring\u00f6n island and get a beautiful archipelago cruise getting there. Island hoppers welcome in both directions, as well as push bikes. Round trippers get 3 hours ashore on the K\u00e4ring\u00f6 island, or 4 hours on the Gullholmen island. On K\u00e4ring\u00f6n you can buy super fresh langouistines, have a coffee in the 19th century vicarige and enjoy island style boutiques and art galleries. Or just go for a sea swim or a stroll, both islands are car free &#8230; and care free.\u00a0 This tour operates on Wednesdays in July and a bit in to August.<\/p>\n<p><a href=\"\/en\/boat-trips-and-island-hopping-in-bohuslan-archipelago\/boat-trip-lysekil-karingon-island-hopping\/\">Read more and book a ticket to K\u00e4ring\u00f6n<\/a><\/p>\n","protected":false},"excerpt":{"rendered":"<p>Welcome on board Windros, to experience wonderful Bohusl\u00e4n and its archipelago. In the Summertime we open the ship and offer day trips to the most beautiful islands and hamlets in Bohusl\u00e4n. Come along for the day, island hopping or round trip, and travel in great comfort while onboard. Enjoy the views and salty air up&hellip; <a class=\"more-link\" href=\"https:\/\/dejligcruise.se\/en\/boat-trips-and-island-hopping-in-bohuslan-archipelago\/\">Continue reading <span class=\"screen-reader-text\">Boat trips and island hopping in Bohusl\u00e4n archipelago<\/span><\/a><\/p>\n","protected":false},"author":1,"featured_media":1136,"parent":0,"menu_order":0,"comment_status":"closed","ping_status":"open","template":"","meta":{"footnotes":""},"class_list":["post-1452","page","type-page","status-publish","has-post-thumbnail","hentry","entry"],"_links":{"self":[{"href":"https:\/\/dejligcruise.se\/en\/wp-json\/wp\/v2\/pages\/1452","targetHints":{"allow":["GET"]}}],"collection":[{"href":"https:\/\/dejligcruise.se\/en\/wp-json\/wp\/v2\/pages"}],"about":[{"href":"https:\/\/dejligcruise.se\/en\/wp-json\/wp\/v2\/types\/page"}],"author":[{"embeddable":true,"href":"https:\/\/dejligcruise.se\/en\/wp-json\/wp\/v2\/users\/1"}],"replies":[{"embeddable":true,"href":"https:\/\/dejligcruise.se\/en\/wp-json\/wp\/v2\/comments?post=1452"}],"version-history":[{"count":13,"href":"https:\/\/dejligcruise.se\/en\/wp-json\/wp\/v2\/pages\/1452\/revisions"}],"predecessor-version":[{"id":2231,"href":"https:\/\/dejligcruise.se\/en\/wp-json\/wp\/v2\/pages\/1452\/revisions\/2231"}],"wp:featuredmedia":[{"embeddable":true,"href":"https:\/\/dejligcruise.se\/en\/wp-json\/wp\/v2\/media\/1136"}],"wp:attachment":[{"href":"https:\/\/dejligcruise.se\/en\/wp-json\/wp\/v2\/media?parent=1452"}],"curies":[{"name":"wp","href":"https:\/\/api.w.org\/{rel}","templated":true}]}}