{"id":1459,"date":"2018-03-15T13:08:05","date_gmt":"2018-03-15T12:08:05","guid":{"rendered":"http:\/\/dejligcruise.se\/boat-trips-and-island-hopping-in-bohuslan-archipelago\/boat-trip-lysekil-karingon-island-hopping\/"},"modified":"2023-04-27T12:49:10","modified_gmt":"2023-04-27T10:49:10","slug":"boat-trip-lysekil-karingon-island-hopping","status":"publish","type":"page","link":"https:\/\/dejligcruise.se\/en\/boat-trips-and-island-hopping-in-bohuslan-archipelago\/boat-trip-lysekil-karingon-island-hopping\/","title":{"rendered":"Boat trip Lysekil-K\u00e4ring\u00f6n, round-trip\/one way, islandhopping"},"content":{"rendered":"<p>Day trip and island hopping with cruise boat: During the Summer Windros does daytrips from Lysekil and Fiskeb\u00e4ckskil to K\u00e4ring\u00f6n, via Gullholmen. Come along to the wonderful K\u00e4ring\u00f6n and get a nice archipelago trip while you are at it.<\/p>\n<h3>Book a ticket:<\/h3>\n<p>Pre booking only. <span style=\"color: #ff6600;\">Please call us on phone +46 (0)705-09 33 52 to book a ticket, latest by 8 PM the day before travelling. <\/span>Buying a one way or shorter-distance-ticket is possible, as well as bringing push bikes along. The boat takes 75 passengers and this trip runs once a week. Welcome onboard!<\/p>\n<table class=\"custom-table\" summary=\"Tidtabell K\u00e4ring\u00f6n fr\u00e5n Lysekil\">\n<thead>\n<tr>\n<th colspan=\"7\">Time table 2023 Lysekil &#8211; K\u00e4ring\u00f6n &#8211; Lysekil<\/th>\n<\/tr>\n<tr>\n<th colspan=\"7\">Wednesdays\u00a0 July 5th, 12th, 19th, 26th. August 2rd.<\/th>\n<\/tr>\n<\/thead>\n<tbody>\n<tr>\n<td><\/td>\n<td><\/td>\n<td>\u00a0Kl.\/h.<\/td>\n<td>SEK roundtrip<\/td>\n<td><\/td>\n<td><\/td>\n<td>\u00a0Kl.\/h.<\/td>\n<\/tr>\n<tr>\n<td>Avg.\/Dep.<\/td>\n<td>Lysekil<\/td>\n<td>11.00<\/td>\n<td>400:-<\/td>\n<td>Avg.\/Dep.<\/td>\n<td>K\u00e4ring\u00f6n<\/td>\n<td>16.00<\/td>\n<\/tr>\n<tr>\n<td>Ank.\/Arr.<\/td>\n<td>Fiskeb\u00e4ckskil<\/td>\n<td>11.15<\/td>\n<td>400:-<\/td>\n<td><\/td>\n<td>Gullholmen<\/td>\n<td>16.20<\/td>\n<\/tr>\n<tr>\n<td><\/td>\n<td>G\u00e5s\u00f6<\/td>\n<td>11.35<\/td>\n<td>400:-<\/td>\n<td><\/td>\n<td>Grundsund<\/td>\n<td>16.45<\/td>\n<\/tr>\n<tr>\n<td><\/td>\n<td>Grundsund<\/td>\n<td>11.45<\/td>\n<td>300:-<\/td>\n<td><\/td>\n<td>G\u00e5s\u00f6<\/td>\n<td>16.55<\/td>\n<\/tr>\n<tr>\n<td><\/td>\n<td>Gullholmen<\/td>\n<td>12.05<\/td>\n<td>250:-<\/td>\n<td><\/td>\n<td>Fiskeb\u00e4ckskil<\/td>\n<td>17.15<\/td>\n<\/tr>\n<tr>\n<td>Ank.\/Arr.<\/td>\n<td>K\u00e4ring\u00f6n<\/td>\n<td>12.45<\/td>\n<td><\/td>\n<td>Ank.\/Arr.<\/td>\n<td>Lysekil<\/td>\n<td>17.30<\/td>\n<\/tr>\n<tr>\n<td colspan=\"7\"><strong>Docked at K\u00e4ring\u00f6n 12.45 &#8211; 16.00 hrs (00.45PM-4PM)<\/strong><\/td>\n<\/tr>\n<tr>\n<td colspan=\"7\"><span style=\"color: #ff6600;\">\u00a0Prebook latest by 20.00 (8 pm) the day before departure on phone +46 (0)705-09 33 52. Or take a chance and show up at the dock &#8211; no guarantee the boat shows up \/ tickets are available &#8230; but often it works.<\/span><\/td>\n<\/tr>\n<tr>\n<td colspan=\"7\"><strong>With SW &#8211; NW gale blowing, there might be delays or some stops may be cancelled. If winds are strong, call us to find out.\u00a0\u00a0<\/strong><\/td>\n<\/tr>\n<\/tbody>\n<tfoot>\n<tr>\n<td colspan=\"7\"><\/td>\n<\/tr>\n<\/tfoot>\n<\/table>\n<p>Docking spot in Lysekil: South harbour [S\u00f6dra Hamnen], with a sign on the dock. (Bus stop nearby).<br \/>\n<iframe style=\"border: 0;\" src=\"https:\/\/www.google.com\/maps\/embed?pb=!1m18!1m12!1m3!1d2098.149298557603!2d11.435569857698187!3d58.27277287985296!2m3!1f0!2f0!3f0!3m2!1i1024!2i768!4f13.1!3m3!1m2!1s0x4645a3cb6e9d0ef1%3A0x3c3665a6deff21d4!2sLysekil%20S%C3%B6dra%20Hamnen!5e0!3m2!1ssv!2sse!4v1681247465923!5m2!1ssv!2sse\" width=\"600\" height=\"450\" allowfullscreen=\"allowfullscreen\"><\/iframe><\/p>\n<h3>Paying methods onboard<\/h3>\n<p>The ticket is payed onboard. We accept cash and credit cards (visa, mastercard).<\/p>\n<h3>Service onboard<\/h3>\n<ul>\n<li>Cafeteria &amp; bar open from 11 AM<\/li>\n<li>Sandwiches, coffee\/tea, snacks, cookies &amp; buns, sodas. Beer &amp; wine. No hot lunches.<\/li>\n<li>We heat up baby food<\/li>\n<li>Sun deck<\/li>\n<li>In-door salon<\/li>\n<li>Screen showing the route in realtime<\/li>\n<li>Bath room<\/li>\n<li>No guiding in the loud speakers.<\/li>\n<\/ul>\n<p>&nbsp;<\/p>\n","protected":false},"excerpt":{"rendered":"<p>Day trip and island hopping with cruise boat: During the Summer Windros does daytrips from Lysekil and Fiskeb\u00e4ckskil to K\u00e4ring\u00f6n, via Gullholmen. Come along to the wonderful K\u00e4ring\u00f6n and get a nice archipelago trip while you are at it. Book a ticket: Pre booking only. Please call us on phone +46 (0)705-09 33 52 to&hellip; <a class=\"more-link\" href=\"https:\/\/dejligcruise.se\/en\/boat-trips-and-island-hopping-in-bohuslan-archipelago\/boat-trip-lysekil-karingon-island-hopping\/\">Continue reading <span class=\"screen-reader-text\">Boat trip Lysekil-K\u00e4ring\u00f6n, round-trip\/one way, islandhopping<\/span><\/a><\/p>\n","protected":false},"author":1,"featured_media":875,"parent":1452,"menu_order":0,"comment_status":"closed","ping_status":"closed","template":"","meta":{"footnotes":""},"class_list":["post-1459","page","type-page","status-publish","has-post-thumbnail","hentry","entry"],"_links":{"self":[{"href":"https:\/\/dejligcruise.se\/en\/wp-json\/wp\/v2\/pages\/1459","targetHints":{"allow":["GET"]}}],"collection":[{"href":"https:\/\/dejligcruise.se\/en\/wp-json\/wp\/v2\/pages"}],"about":[{"href":"https:\/\/dejligcruise.se\/en\/wp-json\/wp\/v2\/types\/page"}],"author":[{"embeddable":true,"href":"https:\/\/dejligcruise.se\/en\/wp-json\/wp\/v2\/users\/1"}],"replies":[{"embeddable":true,"href":"https:\/\/dejligcruise.se\/en\/wp-json\/wp\/v2\/comments?post=1459"}],"version-history":[{"count":8,"href":"https:\/\/dejligcruise.se\/en\/wp-json\/wp\/v2\/pages\/1459\/revisions"}],"predecessor-version":[{"id":2229,"href":"https:\/\/dejligcruise.se\/en\/wp-json\/wp\/v2\/pages\/1459\/revisions\/2229"}],"up":[{"embeddable":true,"href":"https:\/\/dejligcruise.se\/en\/wp-json\/wp\/v2\/pages\/1452"}],"wp:featuredmedia":[{"embeddable":true,"href":"https:\/\/dejligcruise.se\/en\/wp-json\/wp\/v2\/media\/875"}],"wp:attachment":[{"href":"https:\/\/dejligcruise.se\/en\/wp-json\/wp\/v2\/media?parent=1459"}],"curies":[{"name":"wp","href":"https:\/\/api.w.org\/{rel}","templated":true}]}}