{"id":1479,"date":"2018-03-15T14:04:14","date_gmt":"2018-03-15T13:04:14","guid":{"rendered":"http:\/\/dejligcruise.se\/contact\/"},"modified":"2024-06-20T16:53:27","modified_gmt":"2024-06-20T14:53:27","slug":"contact","status":"publish","type":"page","link":"https:\/\/dejligcruise.se\/en\/contact\/","title":{"rendered":"Contact"},"content":{"rendered":"<p>Below are our contact details.<br \/>\n<strong>Please note that we as of June 2024 do not offer boat tours anymore.<br \/>\n<\/strong>That might change in the future, or not.<\/p>\n<div id=\"contactInfo\">\n<div class=\"grid_4 contactFieldDesc\"><strong>Address:<\/strong><\/div>\n<div class=\"grid_11 contactFieldValue\">Dejlig Cruise i Fiskeb\u00e4ckskil AB<\/div>\n<div class=\"grid_11 contactFieldValue\">Vitsippsv\u00e4gen 10<\/div>\n<div class=\"grid_11 contactFieldValue\">451 78 Fiskeb\u00e4ckskil<br \/>\nSweden<\/div>\n<div><\/div>\n<\/div>\n","protected":false},"excerpt":{"rendered":"<p>Below are our contact details. Please note that we as of June 2024 do not offer boat tours anymore. That might change in the future, or not. Address: Dejlig Cruise i Fiskeb\u00e4ckskil AB Vitsippsv\u00e4gen 10 451 78 Fiskeb\u00e4ckskil Sweden<\/p>\n","protected":false},"author":1,"featured_media":1141,"parent":0,"menu_order":0,"comment_status":"closed","ping_status":"closed","template":"","meta":{"footnotes":""},"class_list":["post-1479","page","type-page","status-publish","has-post-thumbnail","hentry","entry"],"_links":{"self":[{"href":"https:\/\/dejligcruise.se\/en\/wp-json\/wp\/v2\/pages\/1479","targetHints":{"allow":["GET"]}}],"collection":[{"href":"https:\/\/dejligcruise.se\/en\/wp-json\/wp\/v2\/pages"}],"about":[{"href":"https:\/\/dejligcruise.se\/en\/wp-json\/wp\/v2\/types\/page"}],"author":[{"embeddable":true,"href":"https:\/\/dejligcruise.se\/en\/wp-json\/wp\/v2\/users\/1"}],"replies":[{"embeddable":true,"href":"https:\/\/dejligcruise.se\/en\/wp-json\/wp\/v2\/comments?post=1479"}],"version-history":[{"count":9,"href":"https:\/\/dejligcruise.se\/en\/wp-json\/wp\/v2\/pages\/1479\/revisions"}],"predecessor-version":[{"id":2302,"href":"https:\/\/dejligcruise.se\/en\/wp-json\/wp\/v2\/pages\/1479\/revisions\/2302"}],"wp:featuredmedia":[{"embeddable":true,"href":"https:\/\/dejligcruise.se\/en\/wp-json\/wp\/v2\/media\/1141"}],"wp:attachment":[{"href":"https:\/\/dejligcruise.se\/en\/wp-json\/wp\/v2\/media?parent=1479"}],"curies":[{"name":"wp","href":"https:\/\/api.w.org\/{rel}","templated":true}]}}