{"id":1488,"date":"2018-03-15T14:17:54","date_gmt":"2018-03-15T13:17:54","guid":{"rendered":"http:\/\/dejligcruise.se\/about-windros\/"},"modified":"2023-04-27T12:58:12","modified_gmt":"2023-04-27T10:58:12","slug":"about-windros","status":"publish","type":"page","link":"https:\/\/dejligcruise.se\/en\/about-windros\/","title":{"rendered":"About Windros"},"content":{"rendered":"<p>Welcome onbord Windros to experience the wonderful Bohusl\u00e4n archipelago. We dock at Bohusl\u00e4n&#8217;s wellknown islands and you find all the comforts onboard, such as comfortable sofas, sun deck and a bar.<\/p>\n<p>Windros offers comfortable seating and in the salon 50 persons can dine simoustaneously. Enjoy the sea and archipelago in sun chairs on upper sun deck, or follow the route from a comfortable sofa indoors.\u00a0 There is a bath room onboard, comfortable for the disabled too, and the bath room works just like the ones ashore.\u00a0 The ship capacity is 75 passengers.<\/p>\n<p>There is a combined bar and cafeteria onboard, where you can find both beer, wine and spirits, as well as sandwiches and snacks. The personnel onboard is serviceminded and experienced.<\/p>\n<p>We co-operate with good catering companies as well as certified guides and well-reputated restaurants. When you charter Windros we can tailor your boat trip to your wishes.<\/p>\n<p>Windros was built in 2005, with accessibility and EU security standards in mind. Considerable efforts have been made to assure the boat runs as silently as possible, as well as it being comfortable.<\/p>\n<p>&nbsp;<\/p>\n<div id='gallery-1' class='gallery galleryid-1488 gallery-columns-2 gallery-size-medium'><figure class='gallery-item'>\n\t\t\t<div class='gallery-icon landscape'>\n\t\t\t\t<a href='https:\/\/dejligcruise.se\/wp-content\/uploads\/2015\/03\/Dukning-2009-08-800.jpg'><img fetchpriority=\"high\" decoding=\"async\" width=\"400\" height=\"267\" src=\"https:\/\/dejligcruise.se\/wp-content\/uploads\/2015\/03\/Dukning-2009-08-800-400x267.jpg\" class=\"attachment-medium size-medium\" alt=\"\" style=\"width:100%;height:66.63%;max-width:800px;\" \/><\/a>\n\t\t\t<\/div><\/figure><figure class='gallery-item'>\n\t\t\t<div class='gallery-icon landscape'>\n\t\t\t\t<a href='https:\/\/dejligcruise.se\/wp-content\/uploads\/2015\/03\/Akterdack-2009-800.jpg'><img decoding=\"async\" width=\"400\" height=\"267\" src=\"https:\/\/dejligcruise.se\/wp-content\/uploads\/2015\/03\/Akterdack-2009-800-400x267.jpg\" class=\"attachment-medium size-medium\" alt=\"\" aria-describedby=\"gallery-1-1579\" style=\"width:100%;height:66.63%;max-width:800px;\" \/><\/a>\n\t\t\t<\/div>\n\t\t\t\t<figcaption class='wp-caption-text gallery-caption' id='gallery-1-1579'>\n\t\t\t\tUppdukat p\u00e5 akterd\u00e4ck\n\t\t\t\t<\/figcaption><\/figure><figure class='gallery-item'>\n\t\t\t<div class='gallery-icon landscape'>\n\t\t\t\t<a href='https:\/\/dejligcruise.se\/wp-content\/uploads\/2015\/04\/Windros_grundsund1.jpg'><img decoding=\"async\" width=\"400\" height=\"267\" src=\"https:\/\/dejligcruise.se\/wp-content\/uploads\/2015\/04\/Windros_grundsund1-400x267.jpg\" class=\"attachment-medium size-medium\" alt=\"\" style=\"width:100%;height:66.7%;max-width:1000px;\" \/><\/a>\n\t\t\t<\/div><\/figure><figure class='gallery-item'>\n\t\t\t<div class='gallery-icon landscape'>\n\t\t\t\t<a href='https:\/\/dejligcruise.se\/wp-content\/uploads\/2015\/03\/Laxtallrik-2009-03-300.jpg'><img loading=\"lazy\" decoding=\"async\" width=\"300\" height=\"225\" src=\"https:\/\/dejligcruise.se\/wp-content\/uploads\/2015\/03\/Laxtallrik-2009-03-300.jpg\" class=\"attachment-medium size-medium\" alt=\"\" aria-describedby=\"gallery-1-1696\" style=\"width:100%;height:75%;max-width:300px;\" \/><\/a>\n\t\t\t<\/div>\n\t\t\t\t<figcaption class='wp-caption-text gallery-caption' id='gallery-1-1696'>\n\t\t\t\tLaxtallrik uppdukad\n\t\t\t\t<\/figcaption><\/figure><figure class='gallery-item'>\n\t\t\t<div class='gallery-icon landscape'>\n\t\t\t\t<a href='https:\/\/dejligcruise.se\/wp-content\/uploads\/2015\/03\/kvallskryss1-600.jpg'><img loading=\"lazy\" decoding=\"async\" width=\"400\" height=\"267\" src=\"https:\/\/dejligcruise.se\/wp-content\/uploads\/2015\/03\/kvallskryss1-600-400x267.jpg\" class=\"attachment-medium size-medium\" alt=\"\" style=\"width:100%;height:66.67%;max-width:600px;\" \/><\/a>\n\t\t\t<\/div><\/figure><figure class='gallery-item'>\n\t\t\t<div class='gallery-icon landscape'>\n\t\t\t\t<a href='https:\/\/dejligcruise.se\/wp-content\/uploads\/2015\/03\/kvallskryss2-600.jpg'><img loading=\"lazy\" decoding=\"async\" width=\"400\" height=\"267\" src=\"https:\/\/dejligcruise.se\/wp-content\/uploads\/2015\/03\/kvallskryss2-600-400x267.jpg\" class=\"attachment-medium size-medium\" alt=\"\" style=\"width:100%;height:66.67%;max-width:600px;\" \/><\/a>\n\t\t\t<\/div><\/figure><figure class='gallery-item'>\n\t\t\t<div class='gallery-icon portrait'>\n\t\t\t\t<a href='https:\/\/dejligcruise.se\/wp-content\/uploads\/2015\/03\/vilstund1-700.jpg'><img loading=\"lazy\" decoding=\"async\" width=\"267\" height=\"400\" src=\"https:\/\/dejligcruise.se\/wp-content\/uploads\/2015\/03\/vilstund1-700-267x400.jpg\" class=\"attachment-medium size-medium\" alt=\"\" style=\"width:100%;height:149.89%;max-width:467px;\" \/><\/a>\n\t\t\t<\/div><\/figure><figure class='gallery-item'>\n\t\t\t<div class='gallery-icon portrait'>\n\t\t\t\t<a href='https:\/\/dejligcruise.se\/wp-content\/uploads\/2015\/03\/soldack-2009-800.jpg'><img loading=\"lazy\" decoding=\"async\" width=\"267\" height=\"400\" src=\"https:\/\/dejligcruise.se\/wp-content\/uploads\/2015\/03\/soldack-2009-800-267x400.jpg\" class=\"attachment-medium size-medium\" alt=\"\" aria-describedby=\"gallery-1-1750\" style=\"width:100%;height:150.09%;max-width:533px;\" \/><\/a>\n\t\t\t<\/div>\n\t\t\t\t<figcaption class='wp-caption-text gallery-caption' id='gallery-1-1750'>\n\t\t\t\tP\u00e5 \u00f6vre sold\u00e4ck, om soltaket \u00e4r monterat.\n\t\t\t\t<\/figcaption><\/figure><figure class='gallery-item'>\n\t\t\t<div class='gallery-icon landscape'>\n\t\t\t\t<a href='https:\/\/dejligcruise.se\/wp-content\/uploads\/2015\/03\/vilstund3-700.jpg'><img loading=\"lazy\" decoding=\"async\" width=\"400\" height=\"267\" src=\"https:\/\/dejligcruise.se\/wp-content\/uploads\/2015\/03\/vilstund3-700-400x267.jpg\" class=\"attachment-medium size-medium\" alt=\"\" aria-describedby=\"gallery-1-1819\" style=\"width:100%;height:66.71%;max-width:700px;\" \/><\/a>\n\t\t\t<\/div>\n\t\t\t\t<figcaption class='wp-caption-text gallery-caption' id='gallery-1-1819'>\n\t\t\t\tOmbord\n\t\t\t\t<\/figcaption><\/figure><figure class='gallery-item'>\n\t\t\t<div class='gallery-icon landscape'>\n\t\t\t\t<a href='https:\/\/dejligcruise.se\/wp-content\/uploads\/2015\/03\/toa-2009-02-800.jpg'><img loading=\"lazy\" decoding=\"async\" width=\"400\" height=\"267\" src=\"https:\/\/dejligcruise.se\/wp-content\/uploads\/2015\/03\/toa-2009-02-800-400x267.jpg\" class=\"attachment-medium size-medium\" alt=\"\" aria-describedby=\"gallery-1-1809\" style=\"width:100%;height:66.63%;max-width:800px;\" \/><\/a>\n\t\t\t<\/div>\n\t\t\t\t<figcaption class='wp-caption-text gallery-caption' id='gallery-1-1809'>\n\t\t\t\tBadrummet ombord\n\t\t\t\t<\/figcaption><\/figure><figure class='gallery-item'>\n\t\t\t<div class='gallery-icon landscape'>\n\t\t\t\t<a href='https:\/\/dejligcruise.se\/wp-content\/uploads\/2015\/03\/Bar-2009-800.jpg'><img loading=\"lazy\" decoding=\"async\" width=\"400\" height=\"267\" src=\"https:\/\/dejligcruise.se\/wp-content\/uploads\/2015\/03\/Bar-2009-800-400x267.jpg\" class=\"attachment-medium size-medium\" alt=\"\" aria-describedby=\"gallery-1-1587\" style=\"width:100%;height:66.63%;max-width:800px;\" \/><\/a>\n\t\t\t<\/div>\n\t\t\t\t<figcaption class='wp-caption-text gallery-caption' id='gallery-1-1587'>\n\t\t\t\tBar \/ Cafeteria\n\t\t\t\t<\/figcaption><\/figure><figure class='gallery-item'>\n\t\t\t<div class='gallery-icon landscape'>\n\t\t\t\t<a href='https:\/\/dejligcruise.se\/wp-content\/uploads\/2015\/03\/bar-2009-02-800.jpg'><img loading=\"lazy\" decoding=\"async\" width=\"400\" height=\"267\" src=\"https:\/\/dejligcruise.se\/wp-content\/uploads\/2015\/03\/bar-2009-02-800-400x267.jpg\" class=\"attachment-medium size-medium\" alt=\"\" style=\"width:100%;height:66.63%;max-width:800px;\" \/><\/a>\n\t\t\t<\/div><\/figure><figure class='gallery-item'>\n\t\t\t<div class='gallery-icon landscape'>\n\t\t\t\t<a href='https:\/\/dejligcruise.se\/wp-content\/uploads\/2015\/03\/nyabaten2-800.jpg'><img loading=\"lazy\" decoding=\"async\" width=\"400\" height=\"274\" src=\"https:\/\/dejligcruise.se\/wp-content\/uploads\/2015\/03\/nyabaten2-800-400x274.jpg\" class=\"attachment-medium size-medium\" alt=\"\" aria-describedby=\"gallery-1-1705\" style=\"width:100%;height:68.5%;max-width:800px;\" \/><\/a>\n\t\t\t<\/div>\n\t\t\t\t<figcaption class='wp-caption-text gallery-caption' id='gallery-1-1705'>\n\t\t\t\tI genomsk\u00e4rning\n\t\t\t\t<\/figcaption><\/figure><figure class='gallery-item'>\n\t\t\t<div class='gallery-icon landscape'>\n\t\t\t\t<a href='https:\/\/dejligcruise.se\/wp-content\/uploads\/2015\/03\/NyaBaten2deck-A.jpg'><img loading=\"lazy\" decoding=\"async\" width=\"400\" height=\"190\" src=\"https:\/\/dejligcruise.se\/wp-content\/uploads\/2015\/03\/NyaBaten2deck-A-400x190.jpg\" class=\"attachment-medium size-medium\" alt=\"\" style=\"width:100%;height:47.4%;max-width:500px;\" \/><\/a>\n\t\t\t<\/div><\/figure>\n\t\t<\/div>\n\n<p>&nbsp;<\/p>\n","protected":false},"excerpt":{"rendered":"<p>Welcome onbord Windros to experience the wonderful Bohusl\u00e4n archipelago. We dock at Bohusl\u00e4n&#8217;s wellknown islands and you find all the comforts onboard, such as comfortable sofas, sun deck and a bar. Windros offers comfortable seating and in the salon 50 persons can dine simoustaneously. Enjoy the sea and archipelago in sun chairs on upper sun&hellip; <a class=\"more-link\" href=\"https:\/\/dejligcruise.se\/en\/about-windros\/\">Continue reading <span class=\"screen-reader-text\">About Windros<\/span><\/a><\/p>\n","protected":false},"author":1,"featured_media":372,"parent":0,"menu_order":0,"comment_status":"closed","ping_status":"closed","template":"","meta":{"footnotes":""},"class_list":["post-1488","page","type-page","status-publish","has-post-thumbnail","hentry","entry"],"_links":{"self":[{"href":"https:\/\/dejligcruise.se\/en\/wp-json\/wp\/v2\/pages\/1488","targetHints":{"allow":["GET"]}}],"collection":[{"href":"https:\/\/dejligcruise.se\/en\/wp-json\/wp\/v2\/pages"}],"about":[{"href":"https:\/\/dejligcruise.se\/en\/wp-json\/wp\/v2\/types\/page"}],"author":[{"embeddable":true,"href":"https:\/\/dejligcruise.se\/en\/wp-json\/wp\/v2\/users\/1"}],"replies":[{"embeddable":true,"href":"https:\/\/dejligcruise.se\/en\/wp-json\/wp\/v2\/comments?post=1488"}],"version-history":[{"count":6,"href":"https:\/\/dejligcruise.se\/en\/wp-json\/wp\/v2\/pages\/1488\/revisions"}],"predecessor-version":[{"id":2236,"href":"https:\/\/dejligcruise.se\/en\/wp-json\/wp\/v2\/pages\/1488\/revisions\/2236"}],"wp:featuredmedia":[{"embeddable":true,"href":"https:\/\/dejligcruise.se\/en\/wp-json\/wp\/v2\/media\/372"}],"wp:attachment":[{"href":"https:\/\/dejligcruise.se\/en\/wp-json\/wp\/v2\/media?parent=1488"}],"curies":[{"name":"wp","href":"https:\/\/api.w.org\/{rel}","templated":true}]}}